{"id":468,"date":"2026-03-03T00:49:46","date_gmt":"2026-03-02T21:49:46","guid":{"rendered":"https:\/\/chickychick.com.tr\/?post_type=product&#038;p=468"},"modified":"2026-03-03T21:50:10","modified_gmt":"2026-03-03T18:50:10","slug":"sebzeli-noodle","status":"publish","type":"product","link":"https:\/\/chickychick.com.tr\/index.php\/urun\/sebzeli-noodle\/","title":{"rendered":"Sebzeli Noodle"},"content":{"rendered":"<p>J\u00fclyen sebzeler, renkli biberler, mantar, susam ve uzak do\u011fu soslar\u0131 ile<\/p>\n","protected":false},"excerpt":{"rendered":"<p>J\u00fclyen sebzeler, renkli biberler, mantar, susam ve uzak do\u011fu soslar\u0131 ile<\/p>\n","protected":false},"featured_media":470,"comment_status":"open","ping_status":"closed","template":"","meta":[],"product_brand":[],"product_cat":[38],"product_tag":[],"class_list":{"0":"post-468","1":"product","2":"type-product","3":"status-publish","4":"has-post-thumbnail","6":"product_cat-asya-lezzetler","8":"first","9":"instock","10":"shipping-taxable","11":"product-type-simple"},"_links":{"self":[{"href":"https:\/\/chickychick.com.tr\/index.php\/wp-json\/wp\/v2\/product\/468","targetHints":{"allow":["GET"]}}],"collection":[{"href":"https:\/\/chickychick.com.tr\/index.php\/wp-json\/wp\/v2\/product"}],"about":[{"href":"https:\/\/chickychick.com.tr\/index.php\/wp-json\/wp\/v2\/types\/product"}],"replies":[{"embeddable":true,"href":"https:\/\/chickychick.com.tr\/index.php\/wp-json\/wp\/v2\/comments?post=468"}],"wp:featuredmedia":[{"embeddable":true,"href":"https:\/\/chickychick.com.tr\/index.php\/wp-json\/wp\/v2\/media\/470"}],"wp:attachment":[{"href":"https:\/\/chickychick.com.tr\/index.php\/wp-json\/wp\/v2\/media?parent=468"}],"wp:term":[{"taxonomy":"product_brand","embeddable":true,"href":"https:\/\/chickychick.com.tr\/index.php\/wp-json\/wp\/v2\/product_brand?post=468"},{"taxonomy":"product_cat","embeddable":true,"href":"https:\/\/chickychick.com.tr\/index.php\/wp-json\/wp\/v2\/product_cat?post=468"},{"taxonomy":"product_tag","embeddable":true,"href":"https:\/\/chickychick.com.tr\/index.php\/wp-json\/wp\/v2\/product_tag?post=468"}],"curies":[{"name":"wp","href":"https:\/\/api.w.org\/{rel}","templated":true}]}}