{"id":467,"date":"2026-03-03T00:49:09","date_gmt":"2026-03-02T21:49:09","guid":{"rendered":"https:\/\/chickychick.com.tr\/?post_type=product&#038;p=467"},"modified":"2026-03-03T21:51:09","modified_gmt":"2026-03-03T18:51:09","slug":"tavuklu-noodle","status":"publish","type":"product","link":"https:\/\/chickychick.com.tr\/index.php\/urun\/tavuklu-noodle\/","title":{"rendered":"Tavuklu Noodle"},"content":{"rendered":"<p>Asya usul\u00fc paneli tavuk g\u00f6\u011f\u00fcs, j\u00fclyen sebzeler, mantar, m\u0131s\u0131r, renkli biberler, susam ve uzak do\u011fu soslari ile<\/p>\n","protected":false},"excerpt":{"rendered":"<p>Asya usul\u00fc paneli tavuk g\u00f6\u011f\u00fcs, j\u00fclyen sebzeler, mantar, m\u0131s\u0131r, renkli biberler, susam ve uzak do\u011fu soslari ile<\/p>\n","protected":false},"featured_media":471,"comment_status":"open","ping_status":"closed","template":"","meta":[],"product_brand":[],"product_cat":[38],"product_tag":[],"class_list":{"0":"post-467","1":"product","2":"type-product","3":"status-publish","4":"has-post-thumbnail","6":"product_cat-asya-lezzetler","8":"first","9":"instock","10":"shipping-taxable","11":"product-type-simple"},"_links":{"self":[{"href":"https:\/\/chickychick.com.tr\/index.php\/wp-json\/wp\/v2\/product\/467","targetHints":{"allow":["GET"]}}],"collection":[{"href":"https:\/\/chickychick.com.tr\/index.php\/wp-json\/wp\/v2\/product"}],"about":[{"href":"https:\/\/chickychick.com.tr\/index.php\/wp-json\/wp\/v2\/types\/product"}],"replies":[{"embeddable":true,"href":"https:\/\/chickychick.com.tr\/index.php\/wp-json\/wp\/v2\/comments?post=467"}],"wp:featuredmedia":[{"embeddable":true,"href":"https:\/\/chickychick.com.tr\/index.php\/wp-json\/wp\/v2\/media\/471"}],"wp:attachment":[{"href":"https:\/\/chickychick.com.tr\/index.php\/wp-json\/wp\/v2\/media?parent=467"}],"wp:term":[{"taxonomy":"product_brand","embeddable":true,"href":"https:\/\/chickychick.com.tr\/index.php\/wp-json\/wp\/v2\/product_brand?post=467"},{"taxonomy":"product_cat","embeddable":true,"href":"https:\/\/chickychick.com.tr\/index.php\/wp-json\/wp\/v2\/product_cat?post=467"},{"taxonomy":"product_tag","embeddable":true,"href":"https:\/\/chickychick.com.tr\/index.php\/wp-json\/wp\/v2\/product_tag?post=467"}],"curies":[{"name":"wp","href":"https:\/\/api.w.org\/{rel}","templated":true}]}}