{"id":459,"date":"2026-03-03T00:40:43","date_gmt":"2026-03-02T21:40:43","guid":{"rendered":"https:\/\/chickychick.com.tr\/?post_type=product&#038;p=459"},"modified":"2026-03-03T23:23:46","modified_gmt":"2026-03-03T20:23:46","slug":"balli-hardal-soslu-tender","status":"publish","type":"product","link":"https:\/\/chickychick.com.tr\/index.php\/urun\/balli-hardal-soslu-tender\/","title":{"rendered":"Ball\u0131 Hardal Soslu Tender"},"content":{"rendered":"<p>(\u00d6zel paneli, ball\u0131 hardall\u0131 tavuk tender)<\/p>\n","protected":false},"excerpt":{"rendered":"<p>(\u00d6zel paneli, ball\u0131 hardall\u0131 tavuk tender)<\/p>\n","protected":false},"featured_media":480,"comment_status":"open","ping_status":"closed","template":"","meta":[],"product_brand":[],"product_cat":[54],"product_tag":[],"class_list":{"0":"post-459","1":"product","2":"type-product","3":"status-publish","4":"has-post-thumbnail","6":"product_cat-tenders","8":"first","9":"instock","10":"shipping-taxable","11":"product-type-simple"},"_links":{"self":[{"href":"https:\/\/chickychick.com.tr\/index.php\/wp-json\/wp\/v2\/product\/459","targetHints":{"allow":["GET"]}}],"collection":[{"href":"https:\/\/chickychick.com.tr\/index.php\/wp-json\/wp\/v2\/product"}],"about":[{"href":"https:\/\/chickychick.com.tr\/index.php\/wp-json\/wp\/v2\/types\/product"}],"replies":[{"embeddable":true,"href":"https:\/\/chickychick.com.tr\/index.php\/wp-json\/wp\/v2\/comments?post=459"}],"wp:featuredmedia":[{"embeddable":true,"href":"https:\/\/chickychick.com.tr\/index.php\/wp-json\/wp\/v2\/media\/480"}],"wp:attachment":[{"href":"https:\/\/chickychick.com.tr\/index.php\/wp-json\/wp\/v2\/media?parent=459"}],"wp:term":[{"taxonomy":"product_brand","embeddable":true,"href":"https:\/\/chickychick.com.tr\/index.php\/wp-json\/wp\/v2\/product_brand?post=459"},{"taxonomy":"product_cat","embeddable":true,"href":"https:\/\/chickychick.com.tr\/index.php\/wp-json\/wp\/v2\/product_cat?post=459"},{"taxonomy":"product_tag","embeddable":true,"href":"https:\/\/chickychick.com.tr\/index.php\/wp-json\/wp\/v2\/product_tag?post=459"}],"curies":[{"name":"wp","href":"https:\/\/api.w.org\/{rel}","templated":true}]}}