{"id":458,"date":"2026-03-03T00:40:10","date_gmt":"2026-03-02T21:40:10","guid":{"rendered":"https:\/\/chickychick.com.tr\/?post_type=product&#038;p=458"},"modified":"2026-03-03T23:24:16","modified_gmt":"2026-03-03T20:24:16","slug":"citir-tender","status":"publish","type":"product","link":"https:\/\/chickychick.com.tr\/index.php\/urun\/citir-tender\/","title":{"rendered":"\u00c7\u0131t\u0131r Tender"},"content":{"rendered":"<p>(\u00d6zel paneli, \u00e7\u0131t\u0131r tavuk tender)<\/p>\n","protected":false},"excerpt":{"rendered":"<p>(\u00d6zel paneli, \u00e7\u0131t\u0131r tavuk tender)<\/p>\n","protected":false},"featured_media":539,"comment_status":"open","ping_status":"closed","template":"","meta":[],"product_brand":[],"product_cat":[54],"product_tag":[],"class_list":{"0":"post-458","1":"product","2":"type-product","3":"status-publish","4":"has-post-thumbnail","6":"product_cat-tenders","8":"first","9":"instock","10":"shipping-taxable","11":"product-type-simple"},"_links":{"self":[{"href":"https:\/\/chickychick.com.tr\/index.php\/wp-json\/wp\/v2\/product\/458","targetHints":{"allow":["GET"]}}],"collection":[{"href":"https:\/\/chickychick.com.tr\/index.php\/wp-json\/wp\/v2\/product"}],"about":[{"href":"https:\/\/chickychick.com.tr\/index.php\/wp-json\/wp\/v2\/types\/product"}],"replies":[{"embeddable":true,"href":"https:\/\/chickychick.com.tr\/index.php\/wp-json\/wp\/v2\/comments?post=458"}],"wp:featuredmedia":[{"embeddable":true,"href":"https:\/\/chickychick.com.tr\/index.php\/wp-json\/wp\/v2\/media\/539"}],"wp:attachment":[{"href":"https:\/\/chickychick.com.tr\/index.php\/wp-json\/wp\/v2\/media?parent=458"}],"wp:term":[{"taxonomy":"product_brand","embeddable":true,"href":"https:\/\/chickychick.com.tr\/index.php\/wp-json\/wp\/v2\/product_brand?post=458"},{"taxonomy":"product_cat","embeddable":true,"href":"https:\/\/chickychick.com.tr\/index.php\/wp-json\/wp\/v2\/product_cat?post=458"},{"taxonomy":"product_tag","embeddable":true,"href":"https:\/\/chickychick.com.tr\/index.php\/wp-json\/wp\/v2\/product_tag?post=458"}],"curies":[{"name":"wp","href":"https:\/\/api.w.org\/{rel}","templated":true}]}}