{"id":456,"date":"2026-03-03T00:36:43","date_gmt":"2026-03-02T21:36:43","guid":{"rendered":"https:\/\/chickychick.com.tr\/?post_type=product&#038;p=456"},"modified":"2026-03-03T23:25:04","modified_gmt":"2026-03-03T20:25:04","slug":"cafe-de-paris","status":"publish","type":"product","link":"https:\/\/chickychick.com.tr\/index.php\/urun\/cafe-de-paris\/","title":{"rendered":"Cafe\u2019 De Paris"},"content":{"rendered":"<p>Tavuk g\u00f6\u011f\u00fcs, \u00f6zel Cafe\u2019de Paris sos, baharatl\u0131 patates k\u0131zartmas\u0131 ve k\u00f6rpe Akdeniz ye\u015fillikleri<\/p>\n","protected":false},"excerpt":{"rendered":"<p>Tavuk g\u00f6\u011f\u00fcs, \u00f6zel Cafe\u2019de Paris sos, baharatl\u0131 patates k\u0131zartmas\u0131 ve k\u00f6rpe Akdeniz ye\u015fillikleri<\/p>\n","protected":false},"featured_media":485,"comment_status":"open","ping_status":"closed","template":"","meta":[],"product_brand":[],"product_cat":[40],"product_tag":[],"class_list":{"0":"post-456","1":"product","2":"type-product","3":"status-publish","4":"has-post-thumbnail","6":"product_cat-tava-lezzetler","8":"first","9":"instock","10":"shipping-taxable","11":"product-type-simple"},"_links":{"self":[{"href":"https:\/\/chickychick.com.tr\/index.php\/wp-json\/wp\/v2\/product\/456","targetHints":{"allow":["GET"]}}],"collection":[{"href":"https:\/\/chickychick.com.tr\/index.php\/wp-json\/wp\/v2\/product"}],"about":[{"href":"https:\/\/chickychick.com.tr\/index.php\/wp-json\/wp\/v2\/types\/product"}],"replies":[{"embeddable":true,"href":"https:\/\/chickychick.com.tr\/index.php\/wp-json\/wp\/v2\/comments?post=456"}],"wp:featuredmedia":[{"embeddable":true,"href":"https:\/\/chickychick.com.tr\/index.php\/wp-json\/wp\/v2\/media\/485"}],"wp:attachment":[{"href":"https:\/\/chickychick.com.tr\/index.php\/wp-json\/wp\/v2\/media?parent=456"}],"wp:term":[{"taxonomy":"product_brand","embeddable":true,"href":"https:\/\/chickychick.com.tr\/index.php\/wp-json\/wp\/v2\/product_brand?post=456"},{"taxonomy":"product_cat","embeddable":true,"href":"https:\/\/chickychick.com.tr\/index.php\/wp-json\/wp\/v2\/product_cat?post=456"},{"taxonomy":"product_tag","embeddable":true,"href":"https:\/\/chickychick.com.tr\/index.php\/wp-json\/wp\/v2\/product_tag?post=456"}],"curies":[{"name":"wp","href":"https:\/\/api.w.org\/{rel}","templated":true}]}}