{"id":455,"date":"2026-03-03T00:36:06","date_gmt":"2026-03-02T21:36:06","guid":{"rendered":"https:\/\/chickychick.com.tr\/?post_type=product&#038;p=455"},"modified":"2026-03-03T23:25:54","modified_gmt":"2026-03-03T20:25:54","slug":"kekiklim","status":"publish","type":"product","link":"https:\/\/chickychick.com.tr\/index.php\/urun\/kekiklim\/","title":{"rendered":"Kekiklim"},"content":{"rendered":"<p>Tavuk g\u00f6\u011f\u00fcs, krema, da\u011f keki\u011fi ve taze kekik, \u00f6zel krema soslu makarna, k\u00f6rpe Akdeniz ye\u015fillikleri<\/p>\n","protected":false},"excerpt":{"rendered":"<p>Tavuk g\u00f6\u011f\u00fcs, krema, da\u011f keki\u011fi ve taze kekik, \u00f6zel krema soslu makarna, k\u00f6rpe Akdeniz ye\u015fillikleri<\/p>\n","protected":false},"featured_media":518,"comment_status":"open","ping_status":"closed","template":"","meta":[],"product_brand":[],"product_cat":[40],"product_tag":[],"class_list":{"0":"post-455","1":"product","2":"type-product","3":"status-publish","4":"has-post-thumbnail","6":"product_cat-tava-lezzetler","8":"first","9":"instock","10":"shipping-taxable","11":"product-type-simple"},"_links":{"self":[{"href":"https:\/\/chickychick.com.tr\/index.php\/wp-json\/wp\/v2\/product\/455","targetHints":{"allow":["GET"]}}],"collection":[{"href":"https:\/\/chickychick.com.tr\/index.php\/wp-json\/wp\/v2\/product"}],"about":[{"href":"https:\/\/chickychick.com.tr\/index.php\/wp-json\/wp\/v2\/types\/product"}],"replies":[{"embeddable":true,"href":"https:\/\/chickychick.com.tr\/index.php\/wp-json\/wp\/v2\/comments?post=455"}],"wp:featuredmedia":[{"embeddable":true,"href":"https:\/\/chickychick.com.tr\/index.php\/wp-json\/wp\/v2\/media\/518"}],"wp:attachment":[{"href":"https:\/\/chickychick.com.tr\/index.php\/wp-json\/wp\/v2\/media?parent=455"}],"wp:term":[{"taxonomy":"product_brand","embeddable":true,"href":"https:\/\/chickychick.com.tr\/index.php\/wp-json\/wp\/v2\/product_brand?post=455"},{"taxonomy":"product_cat","embeddable":true,"href":"https:\/\/chickychick.com.tr\/index.php\/wp-json\/wp\/v2\/product_cat?post=455"},{"taxonomy":"product_tag","embeddable":true,"href":"https:\/\/chickychick.com.tr\/index.php\/wp-json\/wp\/v2\/product_tag?post=455"}],"curies":[{"name":"wp","href":"https:\/\/api.w.org\/{rel}","templated":true}]}}