{"id":454,"date":"2026-03-03T00:35:10","date_gmt":"2026-03-02T21:35:10","guid":{"rendered":"https:\/\/chickychick.com.tr\/?post_type=product&#038;p=454"},"modified":"2026-03-03T23:26:23","modified_gmt":"2026-03-03T20:26:23","slug":"chicky-special","status":"publish","type":"product","link":"https:\/\/chickychick.com.tr\/index.php\/urun\/chicky-special\/","title":{"rendered":"Chicky Special"},"content":{"rendered":"<p>Tavuk but, chery domates, renkli biber, arpac\u0131k so\u011fan, k\u00f6y mantar\u0131, da\u011f keki\u011fi, \u00f6zel krema soslu makarna, k\u00f6rpe Akdeniz ye\u015fillikleri<\/p>\n","protected":false},"excerpt":{"rendered":"<p>Tavuk but, chery domates, renkli biber, arpac\u0131k so\u011fan, k\u00f6y mantar\u0131, da\u011f keki\u011fi, \u00f6zel krema soslu makarna, k\u00f6rpe Akdeniz ye\u015fillikleri<\/p>\n","protected":false},"featured_media":488,"comment_status":"open","ping_status":"closed","template":"","meta":[],"product_brand":[],"product_cat":[40],"product_tag":[],"class_list":{"0":"post-454","1":"product","2":"type-product","3":"status-publish","4":"has-post-thumbnail","6":"product_cat-tava-lezzetler","8":"first","9":"instock","10":"shipping-taxable","11":"product-type-simple"},"_links":{"self":[{"href":"https:\/\/chickychick.com.tr\/index.php\/wp-json\/wp\/v2\/product\/454","targetHints":{"allow":["GET"]}}],"collection":[{"href":"https:\/\/chickychick.com.tr\/index.php\/wp-json\/wp\/v2\/product"}],"about":[{"href":"https:\/\/chickychick.com.tr\/index.php\/wp-json\/wp\/v2\/types\/product"}],"replies":[{"embeddable":true,"href":"https:\/\/chickychick.com.tr\/index.php\/wp-json\/wp\/v2\/comments?post=454"}],"wp:featuredmedia":[{"embeddable":true,"href":"https:\/\/chickychick.com.tr\/index.php\/wp-json\/wp\/v2\/media\/488"}],"wp:attachment":[{"href":"https:\/\/chickychick.com.tr\/index.php\/wp-json\/wp\/v2\/media?parent=454"}],"wp:term":[{"taxonomy":"product_brand","embeddable":true,"href":"https:\/\/chickychick.com.tr\/index.php\/wp-json\/wp\/v2\/product_brand?post=454"},{"taxonomy":"product_cat","embeddable":true,"href":"https:\/\/chickychick.com.tr\/index.php\/wp-json\/wp\/v2\/product_cat?post=454"},{"taxonomy":"product_tag","embeddable":true,"href":"https:\/\/chickychick.com.tr\/index.php\/wp-json\/wp\/v2\/product_tag?post=454"}],"curies":[{"name":"wp","href":"https:\/\/api.w.org\/{rel}","templated":true}]}}