{"id":452,"date":"2026-03-03T00:33:44","date_gmt":"2026-03-02T21:33:44","guid":{"rendered":"https:\/\/chickychick.com.tr\/?post_type=product&#038;p=452"},"modified":"2026-03-03T23:27:29","modified_gmt":"2026-03-03T20:27:29","slug":"acili-macili","status":"publish","type":"product","link":"https:\/\/chickychick.com.tr\/index.php\/urun\/acili-macili\/","title":{"rendered":"Ac\u0131l\u0131 Mac\u0131l\u0131"},"content":{"rendered":"<p>Tavuk but, jalepeno, renkli biber ve Chicky sos, \u00f6zel krema soslu makarna, k\u00f6rpe Akdeniz ye\u015fillikleri)<\/p>\n","protected":false},"excerpt":{"rendered":"<p>Tavuk but, jalepeno, renkli biber ve Chicky sos, \u00f6zel krema soslu makarna, k\u00f6rpe Akdeniz ye\u015fillikleri)<\/p>\n","protected":false},"featured_media":545,"comment_status":"open","ping_status":"closed","template":"","meta":[],"product_brand":[],"product_cat":[40],"product_tag":[],"class_list":{"0":"post-452","1":"product","2":"type-product","3":"status-publish","4":"has-post-thumbnail","6":"product_cat-tava-lezzetler","8":"first","9":"instock","10":"shipping-taxable","11":"product-type-simple"},"_links":{"self":[{"href":"https:\/\/chickychick.com.tr\/index.php\/wp-json\/wp\/v2\/product\/452","targetHints":{"allow":["GET"]}}],"collection":[{"href":"https:\/\/chickychick.com.tr\/index.php\/wp-json\/wp\/v2\/product"}],"about":[{"href":"https:\/\/chickychick.com.tr\/index.php\/wp-json\/wp\/v2\/types\/product"}],"replies":[{"embeddable":true,"href":"https:\/\/chickychick.com.tr\/index.php\/wp-json\/wp\/v2\/comments?post=452"}],"wp:featuredmedia":[{"embeddable":true,"href":"https:\/\/chickychick.com.tr\/index.php\/wp-json\/wp\/v2\/media\/545"}],"wp:attachment":[{"href":"https:\/\/chickychick.com.tr\/index.php\/wp-json\/wp\/v2\/media?parent=452"}],"wp:term":[{"taxonomy":"product_brand","embeddable":true,"href":"https:\/\/chickychick.com.tr\/index.php\/wp-json\/wp\/v2\/product_brand?post=452"},{"taxonomy":"product_cat","embeddable":true,"href":"https:\/\/chickychick.com.tr\/index.php\/wp-json\/wp\/v2\/product_cat?post=452"},{"taxonomy":"product_tag","embeddable":true,"href":"https:\/\/chickychick.com.tr\/index.php\/wp-json\/wp\/v2\/product_tag?post=452"}],"curies":[{"name":"wp","href":"https:\/\/api.w.org\/{rel}","templated":true}]}}