{"id":451,"date":"2026-03-03T00:33:00","date_gmt":"2026-03-02T21:33:00","guid":{"rendered":"https:\/\/chickychick.com.tr\/?post_type=product&#038;p=451"},"modified":"2026-03-03T23:28:05","modified_gmt":"2026-03-03T20:28:05","slug":"peynirli-bademli","status":"publish","type":"product","link":"https:\/\/chickychick.com.tr\/index.php\/urun\/peynirli-bademli\/","title":{"rendered":"Peynirli Bademli"},"content":{"rendered":"<p>Tavuk g\u00f6\u011f\u00fcs, \u00f6zel peynir sosu, badem, \u00f6zel krema soslu makarna, K\u00f6rpe Akdeniz<\/p>\n","protected":false},"excerpt":{"rendered":"<p>Tavuk g\u00f6\u011f\u00fcs, \u00f6zel peynir sosu, badem, \u00f6zel krema soslu makarna, K\u00f6rpe Akdeniz<\/p>\n","protected":false},"featured_media":533,"comment_status":"open","ping_status":"closed","template":"","meta":[],"product_brand":[],"product_cat":[40],"product_tag":[],"class_list":{"0":"post-451","1":"product","2":"type-product","3":"status-publish","4":"has-post-thumbnail","6":"product_cat-tava-lezzetler","8":"first","9":"instock","10":"shipping-taxable","11":"product-type-simple"},"_links":{"self":[{"href":"https:\/\/chickychick.com.tr\/index.php\/wp-json\/wp\/v2\/product\/451","targetHints":{"allow":["GET"]}}],"collection":[{"href":"https:\/\/chickychick.com.tr\/index.php\/wp-json\/wp\/v2\/product"}],"about":[{"href":"https:\/\/chickychick.com.tr\/index.php\/wp-json\/wp\/v2\/types\/product"}],"replies":[{"embeddable":true,"href":"https:\/\/chickychick.com.tr\/index.php\/wp-json\/wp\/v2\/comments?post=451"}],"wp:featuredmedia":[{"embeddable":true,"href":"https:\/\/chickychick.com.tr\/index.php\/wp-json\/wp\/v2\/media\/533"}],"wp:attachment":[{"href":"https:\/\/chickychick.com.tr\/index.php\/wp-json\/wp\/v2\/media?parent=451"}],"wp:term":[{"taxonomy":"product_brand","embeddable":true,"href":"https:\/\/chickychick.com.tr\/index.php\/wp-json\/wp\/v2\/product_brand?post=451"},{"taxonomy":"product_cat","embeddable":true,"href":"https:\/\/chickychick.com.tr\/index.php\/wp-json\/wp\/v2\/product_cat?post=451"},{"taxonomy":"product_tag","embeddable":true,"href":"https:\/\/chickychick.com.tr\/index.php\/wp-json\/wp\/v2\/product_tag?post=451"}],"curies":[{"name":"wp","href":"https:\/\/api.w.org\/{rel}","templated":true}]}}