{"id":433,"date":"2026-03-02T23:50:06","date_gmt":"2026-03-02T20:50:06","guid":{"rendered":"https:\/\/chickychick.com.tr\/?post_type=product&#038;p=433"},"modified":"2026-03-03T23:34:27","modified_gmt":"2026-03-03T20:34:27","slug":"truflu-patates-kizartmasi","status":"publish","type":"product","link":"https:\/\/chickychick.com.tr\/index.php\/urun\/truflu-patates-kizartmasi\/","title":{"rendered":"Tr\u00fcfl\u00fc Patates K\u0131zartmas\u0131"},"content":{"rendered":"<p>(Tr\u00fcf ya\u011f\u0131 ile tatland\u0131r\u0131lm\u0131\u015f; rende ka\u015far, \u00e7\u0131t\u0131r so\u011fan ve tr\u00fcf aoli sos ile)<\/p>\n","protected":false},"excerpt":{"rendered":"<p>(Tr\u00fcf ya\u011f\u0131 ile tatland\u0131r\u0131lm\u0131\u015f; rende ka\u015far, \u00e7\u0131t\u0131r so\u011fan ve tr\u00fcf aoli sos ile)<\/p>\n","protected":false},"featured_media":543,"comment_status":"open","ping_status":"closed","template":"","meta":[],"product_brand":[],"product_cat":[14],"product_tag":[],"class_list":{"0":"post-433","1":"product","2":"type-product","3":"status-publish","4":"has-post-thumbnail","6":"product_cat-baslangiclar","8":"first","9":"instock","10":"shipping-taxable","11":"product-type-simple"},"_links":{"self":[{"href":"https:\/\/chickychick.com.tr\/index.php\/wp-json\/wp\/v2\/product\/433","targetHints":{"allow":["GET"]}}],"collection":[{"href":"https:\/\/chickychick.com.tr\/index.php\/wp-json\/wp\/v2\/product"}],"about":[{"href":"https:\/\/chickychick.com.tr\/index.php\/wp-json\/wp\/v2\/types\/product"}],"replies":[{"embeddable":true,"href":"https:\/\/chickychick.com.tr\/index.php\/wp-json\/wp\/v2\/comments?post=433"}],"wp:featuredmedia":[{"embeddable":true,"href":"https:\/\/chickychick.com.tr\/index.php\/wp-json\/wp\/v2\/media\/543"}],"wp:attachment":[{"href":"https:\/\/chickychick.com.tr\/index.php\/wp-json\/wp\/v2\/media?parent=433"}],"wp:term":[{"taxonomy":"product_brand","embeddable":true,"href":"https:\/\/chickychick.com.tr\/index.php\/wp-json\/wp\/v2\/product_brand?post=433"},{"taxonomy":"product_cat","embeddable":true,"href":"https:\/\/chickychick.com.tr\/index.php\/wp-json\/wp\/v2\/product_cat?post=433"},{"taxonomy":"product_tag","embeddable":true,"href":"https:\/\/chickychick.com.tr\/index.php\/wp-json\/wp\/v2\/product_tag?post=433"}],"curies":[{"name":"wp","href":"https:\/\/api.w.org\/{rel}","templated":true}]}}