{"id":430,"date":"2026-03-02T23:45:14","date_gmt":"2026-03-02T20:45:14","guid":{"rendered":"https:\/\/chickychick.com.tr\/?post_type=product&#038;p=430"},"modified":"2026-03-03T23:36:02","modified_gmt":"2026-03-03T20:36:02","slug":"honey-durum","status":"publish","type":"product","link":"https:\/\/chickychick.com.tr\/index.php\/urun\/honey-durum\/","title":{"rendered":"Honey D\u00fcr\u00fcm"},"content":{"rendered":"<p>(\u00d6zel paneli tender, domates, tur\u015fu, ye\u015fillik, ball\u0131 hardal sos)<\/p>\n","protected":false},"excerpt":{"rendered":"<p>(\u00d6zel paneli tender, domates, tur\u015fu, ye\u015fillik, ball\u0131 hardal sos)<\/p>\n","protected":false},"featured_media":513,"comment_status":"open","ping_status":"closed","template":"","meta":[],"product_brand":[],"product_cat":[41],"product_tag":[],"class_list":{"0":"post-430","1":"product","2":"type-product","3":"status-publish","4":"has-post-thumbnail","6":"product_cat-chicky-durum","8":"first","9":"instock","10":"shipping-taxable","11":"product-type-simple"},"_links":{"self":[{"href":"https:\/\/chickychick.com.tr\/index.php\/wp-json\/wp\/v2\/product\/430","targetHints":{"allow":["GET"]}}],"collection":[{"href":"https:\/\/chickychick.com.tr\/index.php\/wp-json\/wp\/v2\/product"}],"about":[{"href":"https:\/\/chickychick.com.tr\/index.php\/wp-json\/wp\/v2\/types\/product"}],"replies":[{"embeddable":true,"href":"https:\/\/chickychick.com.tr\/index.php\/wp-json\/wp\/v2\/comments?post=430"}],"wp:featuredmedia":[{"embeddable":true,"href":"https:\/\/chickychick.com.tr\/index.php\/wp-json\/wp\/v2\/media\/513"}],"wp:attachment":[{"href":"https:\/\/chickychick.com.tr\/index.php\/wp-json\/wp\/v2\/media?parent=430"}],"wp:term":[{"taxonomy":"product_brand","embeddable":true,"href":"https:\/\/chickychick.com.tr\/index.php\/wp-json\/wp\/v2\/product_brand?post=430"},{"taxonomy":"product_cat","embeddable":true,"href":"https:\/\/chickychick.com.tr\/index.php\/wp-json\/wp\/v2\/product_cat?post=430"},{"taxonomy":"product_tag","embeddable":true,"href":"https:\/\/chickychick.com.tr\/index.php\/wp-json\/wp\/v2\/product_tag?post=430"}],"curies":[{"name":"wp","href":"https:\/\/api.w.org\/{rel}","templated":true}]}}