{"id":427,"date":"2026-03-02T23:30:17","date_gmt":"2026-03-02T20:30:17","guid":{"rendered":"https:\/\/chickychick.com.tr\/?post_type=product&#038;p=427"},"modified":"2026-03-03T23:38:43","modified_gmt":"2026-03-03T20:38:43","slug":"peri-peri-burger","status":"publish","type":"product","link":"https:\/\/chickychick.com.tr\/index.php\/urun\/peri-peri-burger\/","title":{"rendered":"Peri Peri Burger"},"content":{"rendered":"<p>(\u00d6zel paneli tavuk but, g\u00f6bek marul, Chicky coleslaw, tur\u015fu, ev yap\u0131m\u0131 peri peri sos ve \u00e7\u0131t\u0131r so\u011fan ile)<\/p>\n","protected":false},"excerpt":{"rendered":"<p>(\u00d6zel paneli tavuk but, g\u00f6bek marul, Chicky coleslaw, tur\u015fu, ev yap\u0131m\u0131 peri peri sos ve \u00e7\u0131t\u0131r so\u011fan ile)<\/p>\n","protected":false},"featured_media":532,"comment_status":"open","ping_status":"closed","template":"","meta":[],"product_brand":[],"product_cat":[44],"product_tag":[],"class_list":{"0":"post-427","1":"product","2":"type-product","3":"status-publish","4":"has-post-thumbnail","6":"product_cat-burgerler","8":"first","9":"instock","10":"shipping-taxable","11":"product-type-simple"},"_links":{"self":[{"href":"https:\/\/chickychick.com.tr\/index.php\/wp-json\/wp\/v2\/product\/427","targetHints":{"allow":["GET"]}}],"collection":[{"href":"https:\/\/chickychick.com.tr\/index.php\/wp-json\/wp\/v2\/product"}],"about":[{"href":"https:\/\/chickychick.com.tr\/index.php\/wp-json\/wp\/v2\/types\/product"}],"replies":[{"embeddable":true,"href":"https:\/\/chickychick.com.tr\/index.php\/wp-json\/wp\/v2\/comments?post=427"}],"wp:featuredmedia":[{"embeddable":true,"href":"https:\/\/chickychick.com.tr\/index.php\/wp-json\/wp\/v2\/media\/532"}],"wp:attachment":[{"href":"https:\/\/chickychick.com.tr\/index.php\/wp-json\/wp\/v2\/media?parent=427"}],"wp:term":[{"taxonomy":"product_brand","embeddable":true,"href":"https:\/\/chickychick.com.tr\/index.php\/wp-json\/wp\/v2\/product_brand?post=427"},{"taxonomy":"product_cat","embeddable":true,"href":"https:\/\/chickychick.com.tr\/index.php\/wp-json\/wp\/v2\/product_cat?post=427"},{"taxonomy":"product_tag","embeddable":true,"href":"https:\/\/chickychick.com.tr\/index.php\/wp-json\/wp\/v2\/product_tag?post=427"}],"curies":[{"name":"wp","href":"https:\/\/api.w.org\/{rel}","templated":true}]}}