{"id":426,"date":"2026-03-02T23:28:43","date_gmt":"2026-03-02T20:28:43","guid":{"rendered":"https:\/\/chickychick.com.tr\/?post_type=product&#038;p=426"},"modified":"2026-03-03T23:39:09","modified_gmt":"2026-03-03T20:39:09","slug":"katsu-burger","status":"publish","type":"product","link":"https:\/\/chickychick.com.tr\/index.php\/urun\/katsu-burger\/","title":{"rendered":"Katsu Burger"},"content":{"rendered":"<p>(\u00d6zel paneli tavuk but, g\u00f6bek marul, k\u0131rm\u0131z\u0131 lahana, Chicky coleslaw, Thai usul\u00fc ac\u0131-tatl\u0131 tur\u015fu, katsu sos, kibrit patates ve \u00e7\u0131t\u0131r so\u011fan ile)<\/p>\n","protected":false},"excerpt":{"rendered":"<p>(\u00d6zel paneli tavuk but, g\u00f6bek marul, k\u0131rm\u0131z\u0131 lahana, Chicky coleslaw, Thai usul\u00fc ac\u0131-tatl\u0131 tur\u015fu, katsu sos, kibrit patates ve \u00e7\u0131t\u0131r so\u011fan ile)<\/p>\n","protected":false},"featured_media":515,"comment_status":"open","ping_status":"closed","template":"","meta":[],"product_brand":[],"product_cat":[44],"product_tag":[],"class_list":{"0":"post-426","1":"product","2":"type-product","3":"status-publish","4":"has-post-thumbnail","6":"product_cat-burgerler","8":"first","9":"instock","10":"shipping-taxable","11":"product-type-simple"},"_links":{"self":[{"href":"https:\/\/chickychick.com.tr\/index.php\/wp-json\/wp\/v2\/product\/426","targetHints":{"allow":["GET"]}}],"collection":[{"href":"https:\/\/chickychick.com.tr\/index.php\/wp-json\/wp\/v2\/product"}],"about":[{"href":"https:\/\/chickychick.com.tr\/index.php\/wp-json\/wp\/v2\/types\/product"}],"replies":[{"embeddable":true,"href":"https:\/\/chickychick.com.tr\/index.php\/wp-json\/wp\/v2\/comments?post=426"}],"wp:featuredmedia":[{"embeddable":true,"href":"https:\/\/chickychick.com.tr\/index.php\/wp-json\/wp\/v2\/media\/515"}],"wp:attachment":[{"href":"https:\/\/chickychick.com.tr\/index.php\/wp-json\/wp\/v2\/media?parent=426"}],"wp:term":[{"taxonomy":"product_brand","embeddable":true,"href":"https:\/\/chickychick.com.tr\/index.php\/wp-json\/wp\/v2\/product_brand?post=426"},{"taxonomy":"product_cat","embeddable":true,"href":"https:\/\/chickychick.com.tr\/index.php\/wp-json\/wp\/v2\/product_cat?post=426"},{"taxonomy":"product_tag","embeddable":true,"href":"https:\/\/chickychick.com.tr\/index.php\/wp-json\/wp\/v2\/product_tag?post=426"}],"curies":[{"name":"wp","href":"https:\/\/api.w.org\/{rel}","templated":true}]}}