{"id":425,"date":"2026-03-02T23:25:42","date_gmt":"2026-03-02T20:25:42","guid":{"rendered":"https:\/\/chickychick.com.tr\/?post_type=product&#038;p=425"},"modified":"2026-03-03T23:39:33","modified_gmt":"2026-03-03T20:39:33","slug":"honey-burger","status":"publish","type":"product","link":"https:\/\/chickychick.com.tr\/index.php\/urun\/honey-burger\/","title":{"rendered":"Honey Burger"},"content":{"rendered":"<p>(\u00d6zel paneli tavuk but, g\u00f6bek marul, Chicky coleslaw, Thai usul\u00fc ac\u0131-tatl\u0131 tur\u015fu ve ball\u0131 hardal sos ile)<\/p>\n","protected":false},"excerpt":{"rendered":"<p>(\u00d6zel paneli tavuk but, g\u00f6bek marul, Chicky coleslaw, Thai usul\u00fc ac\u0131-tatl\u0131 tur\u015fu ve ball\u0131 hardal sos ile)<\/p>\n","protected":false},"featured_media":512,"comment_status":"open","ping_status":"closed","template":"","meta":[],"product_brand":[],"product_cat":[44],"product_tag":[],"class_list":{"0":"post-425","1":"product","2":"type-product","3":"status-publish","4":"has-post-thumbnail","6":"product_cat-burgerler","8":"first","9":"instock","10":"shipping-taxable","11":"product-type-simple"},"_links":{"self":[{"href":"https:\/\/chickychick.com.tr\/index.php\/wp-json\/wp\/v2\/product\/425","targetHints":{"allow":["GET"]}}],"collection":[{"href":"https:\/\/chickychick.com.tr\/index.php\/wp-json\/wp\/v2\/product"}],"about":[{"href":"https:\/\/chickychick.com.tr\/index.php\/wp-json\/wp\/v2\/types\/product"}],"replies":[{"embeddable":true,"href":"https:\/\/chickychick.com.tr\/index.php\/wp-json\/wp\/v2\/comments?post=425"}],"wp:featuredmedia":[{"embeddable":true,"href":"https:\/\/chickychick.com.tr\/index.php\/wp-json\/wp\/v2\/media\/512"}],"wp:attachment":[{"href":"https:\/\/chickychick.com.tr\/index.php\/wp-json\/wp\/v2\/media?parent=425"}],"wp:term":[{"taxonomy":"product_brand","embeddable":true,"href":"https:\/\/chickychick.com.tr\/index.php\/wp-json\/wp\/v2\/product_brand?post=425"},{"taxonomy":"product_cat","embeddable":true,"href":"https:\/\/chickychick.com.tr\/index.php\/wp-json\/wp\/v2\/product_cat?post=425"},{"taxonomy":"product_tag","embeddable":true,"href":"https:\/\/chickychick.com.tr\/index.php\/wp-json\/wp\/v2\/product_tag?post=425"}],"curies":[{"name":"wp","href":"https:\/\/api.w.org\/{rel}","templated":true}]}}