{"id":423,"date":"2026-03-02T23:20:02","date_gmt":"2026-03-02T20:20:02","guid":{"rendered":"https:\/\/chickychick.com.tr\/?post_type=product&#038;p=423"},"modified":"2026-03-03T23:40:02","modified_gmt":"2026-03-03T20:40:02","slug":"smokey-burger","status":"publish","type":"product","link":"https:\/\/chickychick.com.tr\/index.php\/urun\/smokey-burger\/","title":{"rendered":"Smokey Burger"},"content":{"rendered":"<p>(\u00d6zel paneli tavuk but, g\u00f6bek marul, tur\u015fu, isli peynir, hindi f\u00fcme, dilim \u00e7edar ve bbq sos ile<\/p>\n","protected":false},"excerpt":{"rendered":"<p>(\u00d6zel paneli tavuk but, g\u00f6bek marul, tur\u015fu, isli peynir, hindi f\u00fcme, dilim \u00e7edar ve bbq sos ile<\/p>\n","protected":false},"featured_media":536,"comment_status":"open","ping_status":"closed","template":"","meta":[],"product_brand":[],"product_cat":[44],"product_tag":[],"class_list":{"0":"post-423","1":"product","2":"type-product","3":"status-publish","4":"has-post-thumbnail","6":"product_cat-burgerler","8":"first","9":"instock","10":"shipping-taxable","11":"product-type-simple"},"_links":{"self":[{"href":"https:\/\/chickychick.com.tr\/index.php\/wp-json\/wp\/v2\/product\/423","targetHints":{"allow":["GET"]}}],"collection":[{"href":"https:\/\/chickychick.com.tr\/index.php\/wp-json\/wp\/v2\/product"}],"about":[{"href":"https:\/\/chickychick.com.tr\/index.php\/wp-json\/wp\/v2\/types\/product"}],"replies":[{"embeddable":true,"href":"https:\/\/chickychick.com.tr\/index.php\/wp-json\/wp\/v2\/comments?post=423"}],"wp:featuredmedia":[{"embeddable":true,"href":"https:\/\/chickychick.com.tr\/index.php\/wp-json\/wp\/v2\/media\/536"}],"wp:attachment":[{"href":"https:\/\/chickychick.com.tr\/index.php\/wp-json\/wp\/v2\/media?parent=423"}],"wp:term":[{"taxonomy":"product_brand","embeddable":true,"href":"https:\/\/chickychick.com.tr\/index.php\/wp-json\/wp\/v2\/product_brand?post=423"},{"taxonomy":"product_cat","embeddable":true,"href":"https:\/\/chickychick.com.tr\/index.php\/wp-json\/wp\/v2\/product_cat?post=423"},{"taxonomy":"product_tag","embeddable":true,"href":"https:\/\/chickychick.com.tr\/index.php\/wp-json\/wp\/v2\/product_tag?post=423"}],"curies":[{"name":"wp","href":"https:\/\/api.w.org\/{rel}","templated":true}]}}