{"id":421,"date":"2026-03-02T23:15:43","date_gmt":"2026-03-02T20:15:43","guid":{"rendered":"https:\/\/chickychick.com.tr\/?post_type=product&#038;p=421"},"modified":"2026-03-03T23:41:01","modified_gmt":"2026-03-03T20:41:01","slug":"kulbasti-bowl","status":"publish","type":"product","link":"https:\/\/chickychick.com.tr\/index.php\/urun\/kulbasti-bowl\/","title":{"rendered":"K\u00fclbast\u0131 Bowl"},"content":{"rendered":"<p>Izgara tavuk g\u00f6\u011f\u00fcs<\/p>\n","protected":false},"excerpt":{"rendered":"<p>Izgara tavuk g\u00f6\u011f\u00fcs<\/p>\n","protected":false},"featured_media":525,"comment_status":"open","ping_status":"closed","template":"","meta":[],"product_brand":[],"product_cat":[49],"product_tag":[],"class_list":{"0":"post-421","1":"product","2":"type-product","3":"status-publish","4":"has-post-thumbnail","6":"product_cat-bowlar","8":"first","9":"instock","10":"shipping-taxable","11":"product-type-simple"},"_links":{"self":[{"href":"https:\/\/chickychick.com.tr\/index.php\/wp-json\/wp\/v2\/product\/421","targetHints":{"allow":["GET"]}}],"collection":[{"href":"https:\/\/chickychick.com.tr\/index.php\/wp-json\/wp\/v2\/product"}],"about":[{"href":"https:\/\/chickychick.com.tr\/index.php\/wp-json\/wp\/v2\/types\/product"}],"replies":[{"embeddable":true,"href":"https:\/\/chickychick.com.tr\/index.php\/wp-json\/wp\/v2\/comments?post=421"}],"wp:featuredmedia":[{"embeddable":true,"href":"https:\/\/chickychick.com.tr\/index.php\/wp-json\/wp\/v2\/media\/525"}],"wp:attachment":[{"href":"https:\/\/chickychick.com.tr\/index.php\/wp-json\/wp\/v2\/media?parent=421"}],"wp:term":[{"taxonomy":"product_brand","embeddable":true,"href":"https:\/\/chickychick.com.tr\/index.php\/wp-json\/wp\/v2\/product_brand?post=421"},{"taxonomy":"product_cat","embeddable":true,"href":"https:\/\/chickychick.com.tr\/index.php\/wp-json\/wp\/v2\/product_cat?post=421"},{"taxonomy":"product_tag","embeddable":true,"href":"https:\/\/chickychick.com.tr\/index.php\/wp-json\/wp\/v2\/product_tag?post=421"}],"curies":[{"name":"wp","href":"https:\/\/api.w.org\/{rel}","templated":true}]}}