{"id":361,"date":"2024-11-29T11:40:51","date_gmt":"2024-11-29T08:40:51","guid":{"rendered":"https:\/\/chickychick.com.tr\/?post_type=product&#038;p=361"},"modified":"2026-03-03T23:46:20","modified_gmt":"2026-03-03T20:46:20","slug":"acili-macili-burger","status":"publish","type":"product","link":"https:\/\/chickychick.com.tr\/index.php\/urun\/acili-macili-burger\/","title":{"rendered":"Ac\u0131l\u0131 Mac\u0131l\u0131 Burger"},"content":{"rendered":"<p>(\u00d6zel paneli tavuk but, Chicky coleslaw, g\u00f6bek marul, tur\u015fu, dilim \u00e7edar, kibrit patates ve ev yap\u0131m\u0131 ac\u0131l\u0131 mac\u0131l\u0131 sos ile)<\/p>\n","protected":false},"excerpt":{"rendered":"<p>(\u00d6zel paneli tavuk but, Chicky coleslaw, g\u00f6bek marul, tur\u015fu, dilim \u00e7edar, kibrit patates ve ev yap\u0131m\u0131 ac\u0131l\u0131 mac\u0131l\u0131 sos ile)<\/p>\n","protected":false},"featured_media":546,"comment_status":"open","ping_status":"closed","template":"","meta":[],"product_brand":[],"product_cat":[44],"product_tag":[],"class_list":{"0":"post-361","1":"product","2":"type-product","3":"status-publish","4":"has-post-thumbnail","6":"product_cat-burgerler","8":"first","9":"instock","10":"shipping-taxable","11":"product-type-simple"},"_links":{"self":[{"href":"https:\/\/chickychick.com.tr\/index.php\/wp-json\/wp\/v2\/product\/361","targetHints":{"allow":["GET"]}}],"collection":[{"href":"https:\/\/chickychick.com.tr\/index.php\/wp-json\/wp\/v2\/product"}],"about":[{"href":"https:\/\/chickychick.com.tr\/index.php\/wp-json\/wp\/v2\/types\/product"}],"replies":[{"embeddable":true,"href":"https:\/\/chickychick.com.tr\/index.php\/wp-json\/wp\/v2\/comments?post=361"}],"wp:featuredmedia":[{"embeddable":true,"href":"https:\/\/chickychick.com.tr\/index.php\/wp-json\/wp\/v2\/media\/546"}],"wp:attachment":[{"href":"https:\/\/chickychick.com.tr\/index.php\/wp-json\/wp\/v2\/media?parent=361"}],"wp:term":[{"taxonomy":"product_brand","embeddable":true,"href":"https:\/\/chickychick.com.tr\/index.php\/wp-json\/wp\/v2\/product_brand?post=361"},{"taxonomy":"product_cat","embeddable":true,"href":"https:\/\/chickychick.com.tr\/index.php\/wp-json\/wp\/v2\/product_cat?post=361"},{"taxonomy":"product_tag","embeddable":true,"href":"https:\/\/chickychick.com.tr\/index.php\/wp-json\/wp\/v2\/product_tag?post=361"}],"curies":[{"name":"wp","href":"https:\/\/api.w.org\/{rel}","templated":true}]}}