{"id":355,"date":"2024-11-29T11:37:08","date_gmt":"2024-11-29T08:37:08","guid":{"rendered":"https:\/\/chickychick.com.tr\/?post_type=product&#038;p=355"},"modified":"2026-03-03T23:47:28","modified_gmt":"2026-03-03T20:47:28","slug":"ranch-burger","status":"publish","type":"product","link":"https:\/\/chickychick.com.tr\/index.php\/urun\/ranch-burger\/","title":{"rendered":"Ranch Burger"},"content":{"rendered":"<p>(\u00d6zel paneli tavuk but, g\u00f6bek marul, tur\u015fu ve ev yap\u0131m\u0131 ranch sos ile)<\/p>\n","protected":false},"excerpt":{"rendered":"<p>(\u00d6zel paneli tavuk but, g\u00f6bek marul, tur\u015fu ve ev yap\u0131m\u0131 ranch sos ile)<\/p>\n","protected":false},"featured_media":534,"comment_status":"open","ping_status":"closed","template":"","meta":[],"product_brand":[],"product_cat":[44],"product_tag":[],"class_list":{"0":"post-355","1":"product","2":"type-product","3":"status-publish","4":"has-post-thumbnail","6":"product_cat-burgerler","8":"first","9":"instock","10":"shipping-taxable","11":"product-type-simple"},"_links":{"self":[{"href":"https:\/\/chickychick.com.tr\/index.php\/wp-json\/wp\/v2\/product\/355","targetHints":{"allow":["GET"]}}],"collection":[{"href":"https:\/\/chickychick.com.tr\/index.php\/wp-json\/wp\/v2\/product"}],"about":[{"href":"https:\/\/chickychick.com.tr\/index.php\/wp-json\/wp\/v2\/types\/product"}],"replies":[{"embeddable":true,"href":"https:\/\/chickychick.com.tr\/index.php\/wp-json\/wp\/v2\/comments?post=355"}],"wp:featuredmedia":[{"embeddable":true,"href":"https:\/\/chickychick.com.tr\/index.php\/wp-json\/wp\/v2\/media\/534"}],"wp:attachment":[{"href":"https:\/\/chickychick.com.tr\/index.php\/wp-json\/wp\/v2\/media?parent=355"}],"wp:term":[{"taxonomy":"product_brand","embeddable":true,"href":"https:\/\/chickychick.com.tr\/index.php\/wp-json\/wp\/v2\/product_brand?post=355"},{"taxonomy":"product_cat","embeddable":true,"href":"https:\/\/chickychick.com.tr\/index.php\/wp-json\/wp\/v2\/product_cat?post=355"},{"taxonomy":"product_tag","embeddable":true,"href":"https:\/\/chickychick.com.tr\/index.php\/wp-json\/wp\/v2\/product_tag?post=355"}],"curies":[{"name":"wp","href":"https:\/\/api.w.org\/{rel}","templated":true}]}}